{"id":794,"date":"2014-08-27T07:31:20","date_gmt":"2014-08-27T07:31:20","guid":{"rendered":"http:\/\/www.evastudiorum.com\/wordpress\/?page_id=794"},"modified":"2014-08-27T07:33:57","modified_gmt":"2014-08-27T07:33:57","slug":"uritused-2012-arhiiv","status":"publish","type":"page","link":"http:\/\/www.evastudiorum.com\/wordpress\/et\/uritused\/uritused-2012-arhiiv\/","title":{"rendered":"\u00dcritused 2012 arhiiv"},"content":{"rendered":"<p><strong>Aprill 2012<\/strong><\/p>\n<p><a title=\"Valgevene konkurss\" href=\"http:\/\/www.evastudiorum.com\/wordpress\/?p=137\">3. aprill &#8211; Rikkalik Valgevene konkurss<\/a><\/p>\n<p><strong>Juuni 2012<\/strong><\/p>\n<p><strong><\/strong> <a title=\"Valgevene Vabariigi aastap\u00e4eva vastuv\u00f5tt Kadriorus\" href=\"http:\/\/www.evastudiorum.com\/wordpress\/?p=287\">26. juuni &#8211; Valgevene Vabariigi aastap\u00e4eva vastuv\u00f5tt Kadriorus<\/a><\/p>\n<p><strong>Juuli 2012<\/strong><\/p>\n<p><a title=\"Integratsiooni laager \u201eM\u00f6\u00f6da Vabaduss\u00f5da radupidi\u201c\" href=\"http:\/\/www.evastudiorum.com\/wordpress\/?p=291\">3 &#8211; 4 juuli &#8211;\u00a0Integratsiooni laager \u201eM\u00f6\u00f6da Vabaduss\u00f5da radupidi\u201c<\/a><\/p>","protected":false},"excerpt":{"rendered":"<p>Aprill 2012 3. aprill &#8211; Rikkalik Valgevene konkurss Juuni 2012 \u2026 <a class=\"continue-reading-link\" href=\"http:\/\/www.evastudiorum.com\/wordpress\/et\/uritused\/uritused-2012-arhiiv\/\">Loe edasi \/ \u0427\u0438\u0442\u0430\u0439 \u0434\u0430\u043b\u0435\u0435 <span class=\"meta-nav\">&rarr; <\/span><\/a><\/p>\n","protected":false},"author":1,"featured_media":0,"parent":282,"menu_order":0,"comment_status":"closed","ping_status":"closed","template":"","meta":{"footnotes":""},"class_list":["post-794","page","type-page","status-publish","hentry"],"_links":{"self":[{"href":"http:\/\/www.evastudiorum.com\/wordpress\/et\/wp-json\/wp\/v2\/pages\/794","targetHints":{"allow":["GET"]}}],"collection":[{"href":"http:\/\/www.evastudiorum.com\/wordpress\/et\/wp-json\/wp\/v2\/pages"}],"about":[{"href":"http:\/\/www.evastudiorum.com\/wordpress\/et\/wp-json\/wp\/v2\/types\/page"}],"author":[{"embeddable":true,"href":"http:\/\/www.evastudiorum.com\/wordpress\/et\/wp-json\/wp\/v2\/users\/1"}],"replies":[{"embeddable":true,"href":"http:\/\/www.evastudiorum.com\/wordpress\/et\/wp-json\/wp\/v2\/comments?post=794"}],"version-history":[{"count":4,"href":"http:\/\/www.evastudiorum.com\/wordpress\/et\/wp-json\/wp\/v2\/pages\/794\/revisions"}],"predecessor-version":[{"id":801,"href":"http:\/\/www.evastudiorum.com\/wordpress\/et\/wp-json\/wp\/v2\/pages\/794\/revisions\/801"}],"up":[{"embeddable":true,"href":"http:\/\/www.evastudiorum.com\/wordpress\/et\/wp-json\/wp\/v2\/pages\/282"}],"wp:attachment":[{"href":"http:\/\/www.evastudiorum.com\/wordpress\/et\/wp-json\/wp\/v2\/media?parent=794"}],"curies":[{"name":"wp","href":"https:\/\/api.w.org\/{rel}","templated":true}]}}